{"id":2,"date":"2023-06-10T22:19:40","date_gmt":"2023-06-10T22:19:40","guid":{"rendered":"http:\/\/omardobrito.com.ar\/?page_id=2"},"modified":"2023-07-19T23:14:48","modified_gmt":"2023-07-19T23:14:48","slug":"educacion","status":"publish","type":"page","link":"https:\/\/omardobrito.com.ar\/index.php\/educacion\/","title":{"rendered":"Educaci\u00f3n"},"content":{"rendered":"<style>\/*! elementor - v3.13.3 - 28-05-2023 *\/<br \/>\n.elementor-widget-image{text-align:center}.elementor-widget-image a{display:inline-block}.elementor-widget-image a img[src$=\".svg\"]{width:48px}.elementor-widget-image img{vertical-align:middle;display:inline-block}<\/style>\n<p>\t\t\t\t\t\t\t\t\t\t\t\t<img decoding=\"async\" width=\"640\" height=\"360\" src=\"http:\/\/omardobrito.com.ar\/wp-content\/uploads\/2023\/07\/Sin-titulo-12.png\" alt=\"\" loading=\"lazy\" srcset=\"https:\/\/omardobrito.com.ar\/wp-content\/uploads\/2023\/07\/Sin-titulo-12.png 880w, https:\/\/omardobrito.com.ar\/wp-content\/uploads\/2023\/07\/Sin-titulo-12-300x169.png 300w, https:\/\/omardobrito.com.ar\/wp-content\/uploads\/2023\/07\/Sin-titulo-12-768x432.png 768w\" sizes=\"auto, (max-width: 640px) 100vw, 640px\"><\/p>\n<style>\/*! elementor - v3.13.3 - 28-05-2023 *\/<br \/>\n.elementor-heading-title{padding:0;margin:0;line-height:1}.elementor-widget-heading .elementor-heading-title[class*=elementor-size-]>a{color:inherit;font-size:inherit;line-height:inherit}.elementor-widget-heading .elementor-heading-title.elementor-size-small{font-size:15px}.elementor-widget-heading .elementor-heading-title.elementor-size-medium{font-size:19px}.elementor-widget-heading .elementor-heading-title.elementor-size-large{font-size:29px}.elementor-widget-heading .elementor-heading-title.elementor-size-xl{font-size:39px}.elementor-widget-heading .elementor-heading-title.elementor-size-xxl{font-size:59px}<\/style>\n<h2>Estudiante empedernido<\/h2>\n<p>Me gusta tanto ense\u00f1ar como aprender, es por eso que soy un alumno eterno y un docente de vocaci\u00f3n, te cuento algunas de las cosas que estudi\u00e9:<\/p>\n<ul>\n<li>T\u00e9cnico en electr\u00f3nica<\/li>\n<li>Producci\u00f3n y direcci\u00f3n de cine y tv<\/li>\n<li>Licenciatura en post-producci\u00f3n audiovisual con especializaci\u00f3n en sonido<\/li>\n<li>Dise\u00f1o y animaci\u00f3n 3D, post-producci\u00f3n y vfx<\/li>\n<li>Dise\u00f1o y programaci\u00f3n web<\/li>\n<li>Dise\u00f1o en photoshop e illustrator<\/li>\n<li>Licenciatura en comunicaci\u00f3n audiovisual<\/li>\n<li>Psicolog\u00eda social<\/li>\n<li>Master en marketing digital y anal\u00edtica web, Inbound marketing<\/li>\n<li>Oratoria y coaching<\/li>\n<li>Gesti\u00f3n y direcci\u00f3n de pymes<\/li>\n<li>Comunicaci\u00f3n personal y organizacional<\/li>\n<li>Maestr\u00eda y especializaci\u00f3n en educaci\u00f3n, lenguajes y medios<\/li>\n<\/ul>\n<p>y decenas de cursos que ya ni recuerdo.<\/p>\n<p><img decoding=\"async\" width=\"640\" height=\"360\" src=\"http:\/\/omardobrito.com.ar\/wp-content\/uploads\/2023\/07\/Sin-titulo-51.png\" alt=\"\" loading=\"lazy\" srcset=\"https:\/\/omardobrito.com.ar\/wp-content\/uploads\/2023\/07\/Sin-titulo-51.png 880w, https:\/\/omardobrito.com.ar\/wp-content\/uploads\/2023\/07\/Sin-titulo-51-300x169.png 300w, https:\/\/omardobrito.com.ar\/wp-content\/uploads\/2023\/07\/Sin-titulo-51-768x432.png 768w\" sizes=\"auto, (max-width: 640px) 100vw, 640px\"><\/p>\n<h2>Vocaci\u00f3n docente<\/h2>\n<p>Como te contaba antes, de la misma forma me gusta ense\u00f1ar es por eso que soy docente desde el a\u00f1o 2003 en diferentes universidades en Argentina en carreras de dise\u00f1o de imagen y sonido, medios digitales, cine y tv. Tambi\u00e9n fui coordinador acad\u00e9mico y jefe de trabajos pr\u00e1cticos en BAC, escuela de cine, TV y nuevos medios.<\/p>\n<p>Actualmente dirijo la carrera de Producci\u00f3n Audiovisual en&nbsp;<a href=\"https:\/\/eter.edu.ar\/carreras\/produccion-audiovisual\" target=\"_blank\" rel=\"noopener\">ETER<\/a><\/p>\n<p>Estas son algunas de las materias en las que me desempe\u00f1\u00e9 como docente:<\/p>\n<ul>\n<li><strong>UBA-FADU:<\/strong> T\u00e9cnicas Audiovisuales<\/li>\n<li><strong>CIC:<\/strong> iluminaci\u00f3n y c\u00e1mara 1, 2 y 3<\/li>\n<li><strong>ISEC:<\/strong> Principios de edici\u00f3n y lenguaje audiovisual, generaci\u00f3n electr\u00f3nica de imagen 1, 2 y 3, postproducci\u00f3n.<\/li>\n<li><strong>Eter:<\/strong> Lenguaje audiovisual 1 y 2, Est\u00e9tica de la imagen, Programaci\u00f3n y app.<\/li>\n<li><strong>UB:<\/strong> Sistemas multimediales 1 y 4, video, Lenguaje visual 1 y 2, lenguaje audiovisual 1.<\/li>\n<li><strong>BAC:<\/strong> Video 1 y 2, Iluminaci\u00f3n y c\u00e1mara 1 y 2, Realizaci\u00f3n 1 y 2, Edici\u00f3n y montaje 1 y 2, Taller de realizaci\u00f3n.<\/li>\n<\/ul>\n<p><img decoding=\"async\" width=\"640\" height=\"360\" src=\"http:\/\/omardobrito.com.ar\/wp-content\/uploads\/2023\/07\/Sin-titulo3.png\" alt=\"\" loading=\"lazy\" srcset=\"https:\/\/omardobrito.com.ar\/wp-content\/uploads\/2023\/07\/Sin-titulo3.png 880w, https:\/\/omardobrito.com.ar\/wp-content\/uploads\/2023\/07\/Sin-titulo3-300x169.png 300w, https:\/\/omardobrito.com.ar\/wp-content\/uploads\/2023\/07\/Sin-titulo3-768x432.png 768w\" sizes=\"auto, (max-width: 640px) 100vw, 640px\"><\/p>\n<h2>M\u00e1s vocaci\u00f3n<\/h2>\n<p>La educaci\u00f3n siempre se transforma y es necesaria la actualizaci\u00f3n permanente, es por eso que cre\u00e9&nbsp;<a href=\"https:\/\/cursandoonline.com.ar\/\" target=\"_blank\" rel=\"noreferrer noopener\">Cursando Academia Online<\/a>, donde vas a encontrar tutoriales y recursos gratuitos.<\/p>\n<p>Ah\u00ed tambi\u00e9n vas a encontrar info \u00fatil de cine, tv, post-producci\u00f3n, dise\u00f1o, marketing y muchas cosas m\u00e1s\u2026..<\/p>\n<p>M\u00e1s info en&nbsp;<\/p>\n<p>&nbsp;<a href=\"https:\/\/cursandoonline.com.ar\/\" target=\"_blank\" rel=\"noreferrer noopener\">https:\/\/cursandoonline.com.ar\/<\/a><\/p>\n<p><img decoding=\"async\" width=\"442\" height=\"306\" src=\"http:\/\/omardobrito.com.ar\/wp-content\/uploads\/2023\/07\/cursando-Logo-chico.png\" alt=\"\" loading=\"lazy\" srcset=\"https:\/\/omardobrito.com.ar\/wp-content\/uploads\/2023\/07\/cursando-Logo-chico.png 442w, https:\/\/omardobrito.com.ar\/wp-content\/uploads\/2023\/07\/cursando-Logo-chico-300x208.png 300w\" sizes=\"auto, (max-width: 442px) 100vw, 442px\"><\/p>\n","protected":false},"excerpt":{"rendered":"<p>Estudiante empedernido Me gusta tanto ense\u00f1ar como aprender, es por eso que soy un alumno eterno y un docente de vocaci\u00f3n, te cuento algunas de las cosas que estudi\u00e9: T\u00e9cnico en electr\u00f3nica Producci\u00f3n y direcci\u00f3n de cine y tv Licenciatura en post-producci\u00f3n audiovisual con especializaci\u00f3n en sonido Dise\u00f1o y animaci\u00f3n 3D, post-producci\u00f3n y vfx Dise\u00f1o [&hellip;]<\/p>\n","protected":false},"author":1,"featured_media":0,"parent":0,"menu_order":0,"comment_status":"closed","ping_status":"open","template":"","meta":{"footnotes":""},"class_list":["post-2","page","type-page","status-publish","hentry"],"_links":{"self":[{"href":"https:\/\/omardobrito.com.ar\/index.php\/wp-json\/wp\/v2\/pages\/2","targetHints":{"allow":["GET"]}}],"collection":[{"href":"https:\/\/omardobrito.com.ar\/index.php\/wp-json\/wp\/v2\/pages"}],"about":[{"href":"https:\/\/omardobrito.com.ar\/index.php\/wp-json\/wp\/v2\/types\/page"}],"author":[{"embeddable":true,"href":"https:\/\/omardobrito.com.ar\/index.php\/wp-json\/wp\/v2\/users\/1"}],"replies":[{"embeddable":true,"href":"https:\/\/omardobrito.com.ar\/index.php\/wp-json\/wp\/v2\/comments?post=2"}],"version-history":[{"count":66,"href":"https:\/\/omardobrito.com.ar\/index.php\/wp-json\/wp\/v2\/pages\/2\/revisions"}],"predecessor-version":[{"id":543,"href":"https:\/\/omardobrito.com.ar\/index.php\/wp-json\/wp\/v2\/pages\/2\/revisions\/543"}],"wp:attachment":[{"href":"https:\/\/omardobrito.com.ar\/index.php\/wp-json\/wp\/v2\/media?parent=2"}],"curies":[{"name":"wp","href":"https:\/\/api.w.org\/{rel}","templated":true}]}}