{"id":337,"date":"2023-07-11T22:34:09","date_gmt":"2023-07-11T22:34:09","guid":{"rendered":"https:\/\/omardobrito.com.ar\/?page_id=337"},"modified":"2023-07-19T23:07:42","modified_gmt":"2023-07-19T23:07:42","slug":"audiovisual","status":"publish","type":"page","link":"https:\/\/omardobrito.com.ar\/index.php\/audiovisual\/","title":{"rendered":"Comunicaci\u00f3n Audiovisual"},"content":{"rendered":"<style>\/*! elementor - v3.13.3 - 28-05-2023 *\/\n.elementor-widget-image{text-align:center}.elementor-widget-image a{display:inline-block}.elementor-widget-image a img[src$=\".svg\"]{width:48px}.elementor-widget-image img{vertical-align:middle;display:inline-block}<\/style>\n<p>\t\t\t\t\t\t\t\t\t\t\t\t<img decoding=\"async\" width=\"640\" height=\"360\" src=\"http:\/\/omardobrito.com.ar\/wp-content\/uploads\/2023\/07\/4-768x432.png\" alt=\"\" loading=\"lazy\" srcset=\"https:\/\/omardobrito.com.ar\/wp-content\/uploads\/2023\/07\/4-768x432.png 768w, https:\/\/omardobrito.com.ar\/wp-content\/uploads\/2023\/07\/4-300x169.png 300w, https:\/\/omardobrito.com.ar\/wp-content\/uploads\/2023\/07\/4.png 880w\" sizes=\"auto, (max-width: 640px) 100vw, 640px\" \/>\t\t\t\t\t\t\t\t\t\t\t\t\t\t\t<\/p>\n<style>\/*! elementor - v3.13.3 - 28-05-2023 *\/\n.elementor-heading-title{padding:0;margin:0;line-height:1}.elementor-widget-heading .elementor-heading-title[class*=elementor-size-]>a{color:inherit;font-size:inherit;line-height:inherit}.elementor-widget-heading .elementor-heading-title.elementor-size-small{font-size:15px}.elementor-widget-heading .elementor-heading-title.elementor-size-medium{font-size:19px}.elementor-widget-heading .elementor-heading-title.elementor-size-large{font-size:29px}.elementor-widget-heading .elementor-heading-title.elementor-size-xl{font-size:39px}.elementor-widget-heading .elementor-heading-title.elementor-size-xxl{font-size:59px}<\/style>\n<h2>Productor y director de cine y tv<\/h2>\n<p>Fue mis 14 a\u00f1os que comenz\u00f3 mi acercamiento a lo audiovisual. Mientras cursaba el segundo a\u00f1o de la secundaria t\u00e9cnica en jornada doble (ma\u00f1ana y noche) por las tardes trabajaba copiando VHS, haciendo &#8220;edici\u00f3n lineal&#8221; (el que no sabe qu\u00e9 es eso googlee), los fines de semana hac\u00eda c\u00e1mara en eventos en vivo y pronto empec\u00e9 a dirigirlos.\u00a0<\/p>\n<p>https:\/\/youtu.be\/TbnxH5W2zSw<\/p>\n<p>\u00a0Para cuando comenc\u00e9 a estudiar cine y tv, ya ten\u00eda unos cuantos a\u00f1os de experiencia, pero la educaci\u00f3n formal fue lo que realmente me hizo ganar conocimiento y tener criterios; no solo saber hacer, sino entender. De ah\u00ed en m\u00e1s todo es historia, trabaj\u00e9 en decenas de proyectos, productoras, free lance, etc. Pas\u00e9 por todos los roles, pero casi siempre en producci\u00f3n, direcci\u00f3n de c\u00e1maras, camar\u00f3grafo y editor.<\/p>\n<p>\t\t\t\t\t\t\t\t\t\t\t\t\t\t\t<img decoding=\"async\" width=\"640\" height=\"360\" src=\"http:\/\/omardobrito.com.ar\/wp-content\/uploads\/2023\/07\/6-768x432.png\" alt=\"\" loading=\"lazy\" srcset=\"https:\/\/omardobrito.com.ar\/wp-content\/uploads\/2023\/07\/6-768x432.png 768w, https:\/\/omardobrito.com.ar\/wp-content\/uploads\/2023\/07\/6-300x169.png 300w, https:\/\/omardobrito.com.ar\/wp-content\/uploads\/2023\/07\/6.png 880w\" sizes=\"auto, (max-width: 640px) 100vw, 640px\" \/>\t\t\t\t\t\t\t\t\t\t\t\t\t\t\t<\/p>\n<h2>Flare, comunicaci\u00f3n audiovisual<\/h2>\n<p>Desde hace m\u00e1s de 20 a\u00f1os que me desempe\u00f1o como productor y realizador, Flare es el proyecto en el que realic\u00e9 la mayor parte de mi experiencia profesional, en Flare somos un equipo que abarca todos los roles de la producci\u00f3n audiovisual. Contamos con equipamientos para:<\/p>\n<ul>\n<li>Eventos en vivo, pantallas<\/li>\n<li>Streaming<\/li>\n<li>post-producci\u00f3n y fx<\/li>\n<li>correcci\u00f3n de color<\/li>\n<li>grabaci\u00f3n y edici\u00f3n<\/li>\n<\/ul>\n<p>Muchas ganas de hacer y mucha experiencia ganada a lo largo de los a\u00f1os.<\/p>\n<p>https:\/\/youtu.be\/hSgbtV8Tn-w<\/p>\n<p>M\u00e1s info en <a href=\"https:\/\/flareaudiovisual.pro\/\">https:\/\/flareaudiovisual.pro\/<\/a><\/p>\n<p>\t\t\t\t\t\t\t\t\t\t\t\t\t\t\t\t<a href=\"https:\/\/flareaudiovisual.pro\/\"><br \/>\n\t\t\t\t\t\t\t<img decoding=\"async\" width=\"640\" height=\"456\" src=\"http:\/\/omardobrito.com.ar\/wp-content\/uploads\/2023\/07\/flare.jpg\" alt=\"\" loading=\"lazy\" srcset=\"https:\/\/omardobrito.com.ar\/wp-content\/uploads\/2023\/07\/flare.jpg 791w, https:\/\/omardobrito.com.ar\/wp-content\/uploads\/2023\/07\/flare-300x214.jpg 300w, https:\/\/omardobrito.com.ar\/wp-content\/uploads\/2023\/07\/flare-768x548.jpg 768w\" sizes=\"auto, (max-width: 640px) 100vw, 640px\" \/>\t\t\t\t\t\t\t\t<\/a><br \/>\n\t\t\t\t\t\t\t\t\t\t\t\t\t\t\t<img decoding=\"async\" width=\"640\" height=\"360\" src=\"http:\/\/omardobrito.com.ar\/wp-content\/uploads\/2023\/07\/3.png\" alt=\"\" loading=\"lazy\" srcset=\"https:\/\/omardobrito.com.ar\/wp-content\/uploads\/2023\/07\/3.png 880w, https:\/\/omardobrito.com.ar\/wp-content\/uploads\/2023\/07\/3-300x169.png 300w, https:\/\/omardobrito.com.ar\/wp-content\/uploads\/2023\/07\/3-768x432.png 768w\" sizes=\"auto, (max-width: 640px) 100vw, 640px\" \/>\t\t\t\t\t\t\t\t\t\t\t\t\t\t\t<\/p>\n<h2>Dinamic, agencia digital<\/h2>\n<p>En los \u00faltimos 15 a\u00f1os fui ganando inter\u00e9s por las tecnolog\u00edas digitales y las posibilidades que estas brindan a la comunicaci\u00f3n, desde ese entonces comenc\u00e9 a prepararme para lo que ven\u00eda, en paralelo a esto, trabaj\u00e9 como realizador audiovisual en un medio especializado en publicidad, donde produje m\u00e1s de 200 entrevistas a los referentes m\u00e1s importantes de la publicidad y el marketing de Argentina.\u00a0<\/p>\n<p>https:\/\/youtu.be\/VnCDrk_10tU<\/p>\n<p>Entre mi acercamiento profesional a este mundo y mi inter\u00e9s por la tecnolog\u00eda, se me despert\u00f3 el inter\u00e9s por estudiar dise\u00f1o gr\u00e1fico, dise\u00f1o web, programaci\u00f3n e hice un master en marketing digital y anal\u00edtica web. Esto me llev\u00f3 a formar Dinamic Agencia, desde donde se desarrollan campa\u00f1as, estrategias de comunicaci\u00f3n, dise\u00f1o web y administraci\u00f3n de redes y mucho m\u00e1s&#8230;<\/p>\n<p>M\u00e1s info en <a href=\"https:\/\/dinamicagencia.com\/\">https:\/\/dinamicagencia.com\/<\/a><\/p>\n<p>\t\t\t\t\t\t\t\t\t\t\t\t\t\t\t\t<a href=\"https:\/\/dinamicagencia.com\/\"><br \/>\n\t\t\t\t\t\t\t<img decoding=\"async\" width=\"640\" height=\"321\" src=\"http:\/\/omardobrito.com.ar\/wp-content\/uploads\/2023\/07\/cropped-logo-nuevo4-copia-1.png\" alt=\"\" loading=\"lazy\" srcset=\"https:\/\/omardobrito.com.ar\/wp-content\/uploads\/2023\/07\/cropped-logo-nuevo4-copia-1.png 944w, https:\/\/omardobrito.com.ar\/wp-content\/uploads\/2023\/07\/cropped-logo-nuevo4-copia-1-300x151.png 300w, https:\/\/omardobrito.com.ar\/wp-content\/uploads\/2023\/07\/cropped-logo-nuevo4-copia-1-768x386.png 768w\" sizes=\"auto, (max-width: 640px) 100vw, 640px\" \/>\t\t\t\t\t\t\t\t<\/a><\/p>\n","protected":false},"excerpt":{"rendered":"<p>Productor y director de cine y tv Fue mis 14 a\u00f1os que comenz\u00f3 mi acercamiento a lo audiovisual. Mientras cursaba el segundo a\u00f1o de la secundaria t\u00e9cnica en jornada doble (ma\u00f1ana y noche) por las tardes trabajaba copiando VHS, haciendo &#8220;edici\u00f3n lineal&#8221; (el que no sabe qu\u00e9 es eso googlee), los fines de semana hac\u00eda [&hellip;]<\/p>\n","protected":false},"author":1,"featured_media":0,"parent":0,"menu_order":0,"comment_status":"closed","ping_status":"closed","template":"","meta":{"footnotes":""},"class_list":["post-337","page","type-page","status-publish","hentry"],"_links":{"self":[{"href":"https:\/\/omardobrito.com.ar\/index.php\/wp-json\/wp\/v2\/pages\/337","targetHints":{"allow":["GET"]}}],"collection":[{"href":"https:\/\/omardobrito.com.ar\/index.php\/wp-json\/wp\/v2\/pages"}],"about":[{"href":"https:\/\/omardobrito.com.ar\/index.php\/wp-json\/wp\/v2\/types\/page"}],"author":[{"embeddable":true,"href":"https:\/\/omardobrito.com.ar\/index.php\/wp-json\/wp\/v2\/users\/1"}],"replies":[{"embeddable":true,"href":"https:\/\/omardobrito.com.ar\/index.php\/wp-json\/wp\/v2\/comments?post=337"}],"version-history":[{"count":100,"href":"https:\/\/omardobrito.com.ar\/index.php\/wp-json\/wp\/v2\/pages\/337\/revisions"}],"predecessor-version":[{"id":542,"href":"https:\/\/omardobrito.com.ar\/index.php\/wp-json\/wp\/v2\/pages\/337\/revisions\/542"}],"wp:attachment":[{"href":"https:\/\/omardobrito.com.ar\/index.php\/wp-json\/wp\/v2\/media?parent=337"}],"curies":[{"name":"wp","href":"https:\/\/api.w.org\/{rel}","templated":true}]}}